{"id":61,"date":"2012-11-02T16:46:54","date_gmt":"2012-11-02T14:46:54","guid":{"rendered":"http:\/\/bien-statik.com\/wordpress\/?page_id=61"},"modified":"2018-07-17T11:41:20","modified_gmt":"2018-07-17T09:41:20","slug":"offentliche-bauten-projekte","status":"publish","type":"page","link":"https:\/\/bien-statik.com\/wordpress\/?page_id=61","title":{"rendered":"\u00d6ffentliche Bauten"},"content":{"rendered":"<h2>Neubau und Sanierung Volksparkstadion Bamberg<\/h2>\n<p style=\"text-align: left;\"><strong>Auftraggeber:<\/strong><\/p>\n<p style=\"text-align: left;\">Stadt Bamberg<\/p>\n<p style=\"text-align: left;\"><strong>Beaftragte Leistung nach HOAI:<\/strong><\/p>\n<p style=\"text-align: left;\">Tragwerksplanung Leistungsphase 1-6 und 8<\/p>\n<p style=\"text-align: left;\"><strong>Kurzbeschreibung:<\/strong><\/p>\n<p style=\"text-align: left;\">Sanierung des Hauptgeb\u00e4udes Volksparkstadion, Abriss der alten Trib\u00fcne und Neubau.<\/p>\n<p style=\"text-align: left;\">Das Tragsystem der neuen Trib\u00fcne wurde durch BIEN INGENIEURE in Zusammenarbeit mit dem Hochbauamtes der Stadt Bamberg entwickelt.<\/p>\n<p style=\"text-align: left;\">Fertigstellung 2011.<\/p>\n<pre style=\"text-align: left;\"> \r\n<img loading=\"lazy\" class=\"alignleft size-full wp-image-583\" src=\"https:\/\/bien-statik.com\/wordpress\/wp-content\/uploads\/2018\/07\/IMAG0001-Custom.jpg\" alt=\"\" width=\"240\" height=\"180\" \/><img loading=\"lazy\" class=\"alignleft size-medium wp-image-582\" src=\"https:\/\/bien-statik.com\/wordpress\/wp-content\/uploads\/2018\/07\/IMG_3011-Custom.jpg\" alt=\"\" width=\"270\" height=\"180\" \/><img loading=\"lazy\" class=\"alignleft size-medium wp-image-581\" src=\"https:\/\/bien-statik.com\/wordpress\/wp-content\/uploads\/2018\/07\/IMG_2236-Custom.jpg\" alt=\"\" width=\"241\" height=\"180\" \/><img loading=\"lazy\" class=\"alignleft size-full wp-image-580\" src=\"https:\/\/bien-statik.com\/wordpress\/wp-content\/uploads\/2018\/07\/IMAG0002-Custom.jpg\" alt=\"\" width=\"240\" height=\"180\" \/>  \r\n\r\n\r\n\r\n\r\n\r\n\r\n\r\n\r\n\r\n\r\n\r\n\r\n\r\n\r\n\r\n\r\n\r\n\r\n\r\n\r\n\r\n\r\n<\/pre>\n<p><!--\n<img loading=\"lazy\" class=\"alignleft size-medium wp-image-580\" src=\"https:\/\/bien-statik.com\/wordpress\/wp-content\/uploads\/2018\/07\/IMAG0002-Custom.jpg\" alt=\"\" width=\"240\" height=\"180\" \/>\n<img loading=\"lazy\" class=\"alignleft size-medium wp-image-581\" src=\"https:\/\/bien-statik.com\/wordpress\/wp-content\/uploads\/2018\/07\/IMG_2236-Custom.jpg\" alt=\"\" width=\"240\" height=\"180\" \/>\n<img loading=\"lazy\" class=\"alignleft size-medium wp-image-582\" src=\"https:\/\/bien-statik.com\/wordpress\/wp-content\/uploads\/2018\/07\/IMG_3011-Custom.jpg\" alt=\"\" width=\"240\" height=\"180\" \/>\n<img loading=\"lazy\" class=\"alignleft size-medium wp-image-583\" src=\"https:\/\/bien-statik.com\/wordpress\/wp-content\/uploads\/2018\/07\/IMAG0001-Custom.jpg\" alt=\"\" width=\"240\" height=\"180\" \/>\n--><\/p>\n","protected":false},"excerpt":{"rendered":"<p>Neubau und Sanierung Volksparkstadion Bamberg Auftraggeber: Stadt Bamberg Beaftragte Leistung nach HOAI: Tragwerksplanung Leistungsphase 1-6 und 8 Kurzbeschreibung: Sanierung des Hauptgeb\u00e4udes Volksparkstadion, Abriss der alten Trib\u00fcne und Neubau. Das Tragsystem der neuen Trib\u00fcne wurde durch BIEN INGENIEURE in Zusammenarbeit mit dem Hochbauamtes der Stadt Bamberg entwickelt. Fertigstellung 2011.<\/p>\n","protected":false},"author":1,"featured_media":0,"parent":0,"menu_order":0,"comment_status":"open","ping_status":"open","template":"page-proj-w-pics.php","meta":[],"_links":{"self":[{"href":"https:\/\/bien-statik.com\/wordpress\/index.php?rest_route=\/wp\/v2\/pages\/61"}],"collection":[{"href":"https:\/\/bien-statik.com\/wordpress\/index.php?rest_route=\/wp\/v2\/pages"}],"about":[{"href":"https:\/\/bien-statik.com\/wordpress\/index.php?rest_route=\/wp\/v2\/types\/page"}],"author":[{"embeddable":true,"href":"https:\/\/bien-statik.com\/wordpress\/index.php?rest_route=\/wp\/v2\/users\/1"}],"replies":[{"embeddable":true,"href":"https:\/\/bien-statik.com\/wordpress\/index.php?rest_route=%2Fwp%2Fv2%2Fcomments&post=61"}],"version-history":[{"count":22,"href":"https:\/\/bien-statik.com\/wordpress\/index.php?rest_route=\/wp\/v2\/pages\/61\/revisions"}],"predecessor-version":[{"id":839,"href":"https:\/\/bien-statik.com\/wordpress\/index.php?rest_route=\/wp\/v2\/pages\/61\/revisions\/839"}],"wp:attachment":[{"href":"https:\/\/bien-statik.com\/wordpress\/index.php?rest_route=%2Fwp%2Fv2%2Fmedia&parent=61"}],"curies":[{"name":"wp","href":"https:\/\/api.w.org\/{rel}","templated":true}]}}