{"id":6,"date":"2018-07-10T15:00:20","date_gmt":"2018-07-10T13:00:20","guid":{"rendered":"http:\/\/bien-statik.com\/wordpress\/?page_id=6"},"modified":"2018-07-17T12:21:07","modified_gmt":"2018-07-17T10:21:07","slug":"profile","status":"publish","type":"page","link":"https:\/\/bien-statik.com\/wordpress\/?page_id=6","title":{"rendered":"B\u00fcrovorstellung"},"content":{"rendered":"<h2><span style=\"color: #000080;\">B\u00fcroinhaber<\/span><\/h2>\n<pre><a href=\"https:\/\/bien-statik.com\/wordpress\/wp-content\/uploads\/2012\/09\/Bien-P2.jpg\"><img loading=\"lazy\" class=\"alignleft wp-image-201\" src=\"https:\/\/bien-statik.com\/wordpress\/wp-content\/uploads\/2012\/09\/Bien-P2-217x300.jpg\" alt=\"\" width=\"181\" height=\"250\" srcset=\"https:\/\/bien-statik.com\/wordpress\/wp-content\/uploads\/2012\/09\/Bien-P2-217x300.jpg 217w, https:\/\/bien-statik.com\/wordpress\/wp-content\/uploads\/2012\/09\/Bien-P2-768x1064.jpg 768w, https:\/\/bien-statik.com\/wordpress\/wp-content\/uploads\/2012\/09\/Bien-P2-739x1024.jpg 739w, https:\/\/bien-statik.com\/wordpress\/wp-content\/uploads\/2012\/09\/Bien-P2.jpg 1473w\" sizes=\"(max-width: 181px) 100vw, 181px\" \/><\/a><strong><span style=\"font-size: 10pt; font-family: 'Century Gothic'; color: #000080;\">Diplomingenieur G\u00fcnther Bien<\/span>\r\n\r\n<span style=\"font-size: 10pt; font-family: 'Century Gothic'; color: #000080;\">Studium an der Hochschule Hamburg und Braunschweig.<\/span>\r\n\r\n<span style=\"font-size: 10pt; font-family: 'Century Gothic'; color: #000080;\">Seit \u00fcber 25 Jahren selbstst\u00e4ndig t\u00e4tig.<\/span>\r\n\r\n<span style=\"font-size: 10pt; font-family: 'Century Gothic'; color: #000080;\">Verheiratet.<\/span>\r\n\r\n<span style=\"font-size: 10pt; font-family: 'Century Gothic'; color: #000080;\">3 Kinder (2004\/2004\/2008).\r\n\r\n\r\n\r\n\r\n\r\n\r\n\r\n<\/span><\/strong><\/pre>\n<pre><\/pre>\n<h3><\/h3>\n<h2 style=\"text-align: left;\">Kurzdarstellung der B\u00fcrophilosophie<\/h2>\n<p style=\"text-align: left;\">Die durch das B\u00fcro BIEN INGENIEURE bearbeiteten Projekte werden hinsichtlich der Tragwerksplanung unbegrenzte Zeit archiviert, womit sich im Laufe der Jahre ein Archiv aufgebaut hat, auf welches durch die Auftraggeber aus den verschiedensten Gr\u00fcnden immer wieder zur\u00fcckgegriffen wird.<\/p>\n<pre><\/pre>\n<p style=\"text-align: left;\">Nicht nur durch diese Art der Bauherrenbetreuung sondern auch durch eine intensive Beratung sowie Fortbildung stellen wir ein Qualit\u00e4tsmanagement zur Verf\u00fcgung, das unseren Auftraggebern Sicherheiten in der Durchf\u00fchrung ihrer Bauvorhaben bietet, auch weit \u00fcber die Fertigstellung hinaus.<\/p>\n<pre><\/pre>\n<p style=\"text-align: left;\">Es ist uns ein Selbstverst\u00e4ndnis, dass wir nicht nur unsere Bearbeitung immer wieder kritisch hinterfragen sondern auch die uns als Grundlage unserer Planung zur Verf\u00fcgung gestellten Unterlagen kritisch betrachten um eventuell Sondervorschl\u00e4ge bzw. \u00c4nderungen mit den Planungsbeteiligten diskutieren zu k\u00f6nnen.<\/p>\n<pre><\/pre>\n<p style=\"text-align: left;\">Insbesondere bei Bauten in WU- Bauweise, wie zum Beispiel Tiefgaragen im Grundwasser, die mit einem Oberfl\u00e4chenschutzsystem hinschtlich der Gebrauchstauglichkeit die Nutzungsdauer von mindestens 50 Jahren erf\u00fcllen sollen, sind intensive Beratungsschritte angezeigt, denen wir vollumf\u00e4nglich nachkommen. So legen wir fr\u00fchzeitig in der Vorplanung mit dem Bauherrn die notwendigen Rahmenbedingungen fest und stellen bereits in dieser Planungsphase den f\u00fcr die Inspektion und Wartung erforderlichen Instandhaltungsplan nach RiLi-SIB zur Verf\u00fcgung.<\/p>\n<pre style=\"text-align: left;\"><\/pre>\n<p style=\"text-align: left;\">F\u00fcr Gro\u00dfprojekte bilden wir Ingenieurgemeinschaften mit entsprechend hoch qualifizierten Ingenieurunternehmen.<\/p>\n<pre style=\"text-align: left;\"><\/pre>\n<p style=\"text-align: left;\">Das heutige Bauen setzt aus unserer Sicht an alle Projektbeteiligten eine hohe Verantwortung mit immer komplexeren Aufgabenstellungen voraus. Dabei legen wir Wert darauf kollegial auf Augenh\u00f6he mit allen am Bau t\u00e4tigen daf\u00fcr Sorge zu tragen, dass das Ziel des Projektes im Sinne des Bauherrn erf\u00fcllt wird.<\/p>\n<pre style=\"text-align: left;\"><\/pre>\n<p style=\"text-align: left;\">Um diese Aufgaben bew\u00e4ltigen zu k\u00f6nnen, sehen wir es als notwendig an Teamf\u00e4higkeit zu praktizieren, wobei wir uns in einem Planungsteam mit allen Projektbeteiligten sehen und gruns\u00e4tzlich an allen Planungsbesprechungen teilnehmen.<\/p>\n<pre style=\"text-align: left;\"><\/pre>\n<p style=\"text-align: left;\">Dabei gilt es mit den heutigen und f\u00fcr die Zukunft zu erwartenden umfangreichen Qualit\u00e4tsanforderung bei geringerem Budget, k\u00fcrzeren Bauzeiten und h\u00f6heren Umweltanforderungen ein weit in die Zukunft gebrauchstaugliches Bauwerk zu planen.<\/p>\n<pre style=\"text-align: left;\"><\/pre>\n<p style=\"text-align: left;\">Erfahren sie hierzu mehr unter PROJEKTE mit einigen von uns bearbeiteten Projekten bzw. bei einer pers\u00f6nlichen Vorstellung.<\/p>\n<p>&nbsp;<\/p>\n<h2 style=\"text-align: left;\">Qualifikationen und Mitgliedschaften<\/h2>\n<p style=\"text-align: left;\">Mitglied in der Bayerischen Ingenieurekammer Bau (Nr. 10025) seit 1991 als Beratender Ingenieur.<\/p>\n<pre><\/pre>\n<p style=\"text-align: left;\">Eingetragen in der Liste der Bayerischen Ingenieurekammer Bau als Besondere Fachkundige Person f\u00fcr wiederkehrende Bauwerkspr\u00fcfung des Massiv- und Holzbaues.<\/p>\n<pre><\/pre>\n<p style=\"text-align: left;\">Eingetragen in der Liste der Bayerischen Ingenieurekammer Bau als Nachweisberechtigter f\u00fcr Standsicherheit.<\/p>\n<pre><\/pre>\n<p style=\"text-align: left;\">Eingetragen in der Liste der Bayerischen Ingenieurekammer Bau als uneingeschr\u00e4nkt Bauvorlagenberechtigter.<\/p>\n<pre><\/pre>\n<p style=\"text-align: left;\">Eingetragen in der Liste der Bayerischen Ingenieurekammer Bau als Nachweisberechtigter f\u00fcr den vorbeugenden Brandschutz.<\/p>\n<pre><\/pre>\n<p style=\"text-align: left;\">Zertifizierter Sachkundiger Planer und Sachverst\u00e4ndiger f\u00fcr Betoninstandsetzung (BZB Akademie mit Zertifizierung Bau e.V. Berlin).<\/p>\n<pre><\/pre>\n<p style=\"text-align: left;\">SiGe Koordinator<\/p>\n<h2>B\u00fcroausstattung<\/h2>\n<p style=\"text-align: left;\">Unser Netzwerk besteht derzeit aus insgesamt 7 Arbeitspl\u00e4tzen mit Wartungsvertr\u00e4gen und folgenden Inhalten:<\/p>\n<p style=\"text-align: left;\">Statikprogramme von mb, DC-Software, dlubal, VCmaster, Harzer-Statik, Frilo-Software, Schallplan Dr. Schulthei\u00df,<br \/>\nHNC-SIGEPLAN<\/p>\n<p style=\"text-align: left;\">CAD-Programm von Nemetschek<\/p>\n<p style=\"text-align: left;\">MS-Office und weitere Kleinprogramme<\/p>\n","protected":false},"excerpt":{"rendered":"<p>B\u00fcroinhaber Diplomingenieur G\u00fcnther Bien Studium an der Hochschule Hamburg und Braunschweig. Seit \u00fcber 25 Jahren selbstst\u00e4ndig t\u00e4tig. Verheiratet. 3 Kinder (2004\/2004\/2008). Kurzdarstellung der B\u00fcrophilosophie Die durch das B\u00fcro BIEN INGENIEURE bearbeiteten Projekte werden hinsichtlich der Tragwerksplanung unbegrenzte Zeit archiviert, womit sich im Laufe der Jahre ein Archiv aufgebaut hat, auf welches durch die Auftraggeber aus [&hellip;]<\/p>\n","protected":false},"author":1,"featured_media":0,"parent":0,"menu_order":0,"comment_status":"open","ping_status":"open","template":"page-project.php","meta":[],"_links":{"self":[{"href":"https:\/\/bien-statik.com\/wordpress\/index.php?rest_route=\/wp\/v2\/pages\/6"}],"collection":[{"href":"https:\/\/bien-statik.com\/wordpress\/index.php?rest_route=\/wp\/v2\/pages"}],"about":[{"href":"https:\/\/bien-statik.com\/wordpress\/index.php?rest_route=\/wp\/v2\/types\/page"}],"author":[{"embeddable":true,"href":"https:\/\/bien-statik.com\/wordpress\/index.php?rest_route=\/wp\/v2\/users\/1"}],"replies":[{"embeddable":true,"href":"https:\/\/bien-statik.com\/wordpress\/index.php?rest_route=%2Fwp%2Fv2%2Fcomments&post=6"}],"version-history":[{"count":75,"href":"https:\/\/bien-statik.com\/wordpress\/index.php?rest_route=\/wp\/v2\/pages\/6\/revisions"}],"predecessor-version":[{"id":928,"href":"https:\/\/bien-statik.com\/wordpress\/index.php?rest_route=\/wp\/v2\/pages\/6\/revisions\/928"}],"wp:attachment":[{"href":"https:\/\/bien-statik.com\/wordpress\/index.php?rest_route=%2Fwp%2Fv2%2Fmedia&parent=6"}],"curies":[{"name":"wp","href":"https:\/\/api.w.org\/{rel}","templated":true}]}}